{"id":2104,"date":"2025-04-28T18:08:24","date_gmt":"2025-04-28T18:08:24","guid":{"rendered":"https:\/\/blog.somoslatinos.co\/?page_id=2104"},"modified":"2026-03-02T11:31:10","modified_gmt":"2026-03-02T11:31:10","slug":"diretrizes","status":"publish","type":"page","link":"https:\/\/blog.somoslatinos.co\/es\/diretrizes\/","title":{"rendered":"Colabora con SOMOS"},"content":{"rendered":"\t\t<div data-elementor-type=\"wp-page\" data-elementor-id=\"2104\" class=\"elementor elementor-2104\" data-elementor-post-type=\"page\">\n\t\t\t\t<div class=\"elementor-element elementor-element-409a7cb e-flex e-con-boxed e-con e-parent\" data-id=\"409a7cb\" data-element_type=\"container\" data-e-type=\"container\">\n\t\t\t\t\t<div class=\"e-con-inner\">\n\t\t\t\t<div class=\"elementor-element elementor-element-0683d74 elementor-widget elementor-widget-text-editor\" data-id=\"0683d74\" data-element_type=\"widget\" data-e-type=\"widget\" data-widget_type=\"text-editor.default\">\n\t\t\t\t<div class=\"elementor-widget-container\">\n\t\t\t\t\t\t\t\t\t<p><span style=\"font-weight: 400;\">Voc\u00ea \u00e9 latinx vivendo fora do seu pa\u00eds? Criador, artista, empreendedor ou simplesmente algu\u00e9m com uma boa hist\u00f3ria para contar? Adorar\u00edamos conhecer a sua hist\u00f3ria, suas experi\u00eancias, suas anedotas, o borogod\u00f3 que voc\u00ea carrega e o que trouxe do pa\u00eds que escolheu, o que voc\u00ea gostaria saber antes de se mudar. Compartilhe tamb\u00e9m truques, dicas pr\u00e1ticas e informa\u00e7\u00f5es valiosas que voc\u00ea sabe que merecem ser divididas, al\u00e9m das iniciativas que realiza para a comunidade latina ou at\u00e9 mesmo review de um lugar latino que voc\u00ea recomenda: restaurantes, mercados, eventos ou qualquer cantinho que fa\u00e7a sentir \u201cum pedacinho de casa\u201d<\/span><\/p>\t\t\t\t\t\t\t\t<\/div>\n\t\t\t\t<\/div>\n\t\t\t\t<div class=\"elementor-element elementor-element-882dae9 elementor-widget elementor-widget-text-editor\" data-id=\"882dae9\" data-element_type=\"widget\" data-e-type=\"widget\" data-widget_type=\"text-editor.default\">\n\t\t\t\t<div class=\"elementor-widget-container\">\n\t\t\t\t\t\t\t\t\t<p>Confira nosso <a href=\"https:\/\/blog.somoslatinos.co\/wp-content\/uploads\/2026\/03\/SOMOS-Collaboration-Guidelines-2.pdf\">guia de colabora\u00e7\u00f5es<\/a>\u00a0para conhecer formatos, regras e detalhes, preencha o formul\u00e1rio abaixo e junte-se \u00e0s nossas redes e ao blog da SOMOS!<\/p>\t\t\t\t\t\t\t\t<\/div>\n\t\t\t\t<\/div>\n\t\t\t\t<div class=\"elementor-element elementor-element-9fb6f16 elementor-button-align-stretch elementor-widget elementor-widget-form\" data-id=\"9fb6f16\" data-element_type=\"widget\" data-e-type=\"widget\" data-settings=\"{&quot;step_next_label&quot;:&quot;Next&quot;,&quot;step_previous_label&quot;:&quot;Previous&quot;,&quot;button_width&quot;:&quot;100&quot;,&quot;step_type&quot;:&quot;number_text&quot;,&quot;step_icon_shape&quot;:&quot;circle&quot;}\" data-widget_type=\"form.default\">\n\t\t\t\t<div class=\"elementor-widget-container\">\n\t\t\t\t\t\t\t<form class=\"elementor-form\" method=\"post\" name=\"New Form\" aria-label=\"New Form\">\n\t\t\t<input type=\"hidden\" name=\"post_id\" value=\"2104\"\/>\n\t\t\t<input type=\"hidden\" name=\"form_id\" value=\"9fb6f16\"\/>\n\t\t\t<input type=\"hidden\" name=\"referer_title\" value=\"Colabore com a SOMOS - SOMOS Latinos Blog\" \/>\n\n\t\t\t\t\t\t\t<input type=\"hidden\" name=\"queried_id\" value=\"2104\"\/>\n\t\t\t\n\t\t\t<div class=\"elementor-form-fields-wrapper elementor-labels-above\">\n\t\t\t\t\t\t\t\t<div class=\"elementor-field-type-text elementor-field-group elementor-column elementor-field-group-name elementor-col-100\">\n\t\t\t\t\t\t\t\t\t\t\t\t<label for=\"form-field-name\" class=\"elementor-field-label\">\n\t\t\t\t\t\t\t\tNome\t\t\t\t\t\t\t<\/label>\n\t\t\t\t\t\t\t\t\t\t\t\t\t\t<input size=\"1\" type=\"text\" name=\"form_fields[name]\" id=\"form-field-name\" class=\"elementor-field elementor-size-md  elementor-field-textual\" placeholder=\"Nome\">\n\t\t\t\t\t\t\t\t\t\t\t<\/div>\n\t\t\t\t\t\t\t\t<div class=\"elementor-field-type-email elementor-field-group elementor-column elementor-field-group-email elementor-col-100 elementor-field-required\">\n\t\t\t\t\t\t\t\t\t\t\t\t<label for=\"form-field-email\" class=\"elementor-field-label\">\n\t\t\t\t\t\t\t\tEmail\t\t\t\t\t\t\t<\/label>\n\t\t\t\t\t\t\t\t\t\t\t\t\t\t<input size=\"1\" type=\"email\" name=\"form_fields[email]\" id=\"form-field-email\" class=\"elementor-field elementor-size-md  elementor-field-textual\" placeholder=\"Email\" required=\"required\">\n\t\t\t\t\t\t\t\t\t\t\t<\/div>\n\t\t\t\t\t\t\t\t<div class=\"elementor-field-type-textarea elementor-field-group elementor-column elementor-field-group-message elementor-col-100\">\n\t\t\t\t\t\t\t\t\t\t\t\t<label for=\"form-field-message\" class=\"elementor-field-label\">\n\t\t\t\t\t\t\t\tMensagem\t\t\t\t\t\t\t<\/label>\n\t\t\t\t\t\t<textarea class=\"elementor-field-textual elementor-field  elementor-size-md\" name=\"form_fields[message]\" id=\"form-field-message\" rows=\"4\" placeholder=\"Mensagem\"><\/textarea>\t\t\t\t<\/div>\n\t\t\t\t\t\t\t\t<div class=\"elementor-field-group elementor-column elementor-field-type-submit elementor-col-100 e-form__buttons\">\n\t\t\t\t\t<button class=\"elementor-button elementor-size-md\" type=\"submit\">\n\t\t\t\t\t\t<span class=\"elementor-button-content-wrapper\">\n\t\t\t\t\t\t\t\t\t\t\t\t\t\t\t\t\t\t\t\t\t\t<span class=\"elementor-button-text\">Enviar<\/span>\n\t\t\t\t\t\t\t\t\t\t\t\t\t<\/span>\n\t\t\t\t\t<\/button>\n\t\t\t\t<\/div>\n\t\t\t<\/div>\n\t\t<\/form>\n\t\t\t\t\t\t<\/div>\n\t\t\t\t<\/div>\n\t\t\t\t\t<\/div>\n\t\t\t\t<\/div>\n\t\t\t\t<\/div>\n\t\t","protected":false},"excerpt":{"rendered":"<p>Voc\u00ea \u00e9 latinx vivendo fora do seu pa\u00eds? Criador, artista, empreendedor ou simplesmente algu\u00e9m com uma boa hist\u00f3ria para contar? [&hellip;]<\/p>\n","protected":false},"author":3,"featured_media":0,"parent":0,"menu_order":0,"comment_status":"closed","ping_status":"closed","template":"","meta":{"site-sidebar-layout":"default","site-content-layout":"","ast-site-content-layout":"default","site-content-style":"default","site-sidebar-style":"default","ast-global-header-display":"","ast-banner-title-visibility":"","ast-main-header-display":"","ast-hfb-above-header-display":"","ast-hfb-below-header-display":"","ast-hfb-mobile-header-display":"","site-post-title":"","ast-breadcrumbs-content":"","ast-featured-img":"","footer-sml-layout":"","ast-disable-related-posts":"","theme-transparent-header-meta":"","adv-header-id-meta":"","stick-header-meta":"","header-above-stick-meta":"","header-main-stick-meta":"","header-below-stick-meta":"","astra-migrate-meta-layouts":"default","ast-page-background-enabled":"default","ast-page-background-meta":{"desktop":{"background-color":"var(--ast-global-color-4)","background-image":"","background-repeat":"repeat","background-position":"center center","background-size":"auto","background-attachment":"scroll","background-type":"","background-media":"","overlay-type":"","overlay-color":"","overlay-opacity":"","overlay-gradient":""},"tablet":{"background-color":"","background-image":"","background-repeat":"repeat","background-position":"center center","background-size":"auto","background-attachment":"scroll","background-type":"","background-media":"","overlay-type":"","overlay-color":"","overlay-opacity":"","overlay-gradient":""},"mobile":{"background-color":"","background-image":"","background-repeat":"repeat","background-position":"center center","background-size":"auto","background-attachment":"scroll","background-type":"","background-media":"","overlay-type":"","overlay-color":"","overlay-opacity":"","overlay-gradient":""}},"ast-content-background-meta":{"desktop":{"background-color":"var(--ast-global-color-5)","background-image":"","background-repeat":"repeat","background-position":"center center","background-size":"auto","background-attachment":"scroll","background-type":"","background-media":"","overlay-type":"","overlay-color":"","overlay-opacity":"","overlay-gradient":""},"tablet":{"background-color":"var(--ast-global-color-5)","background-image":"","background-repeat":"repeat","background-position":"center center","background-size":"auto","background-attachment":"scroll","background-type":"","background-media":"","overlay-type":"","overlay-color":"","overlay-opacity":"","overlay-gradient":""},"mobile":{"background-color":"var(--ast-global-color-5)","background-image":"","background-repeat":"repeat","background-position":"center center","background-size":"auto","background-attachment":"scroll","background-type":"","background-media":"","overlay-type":"","overlay-color":"","overlay-opacity":"","overlay-gradient":""}},"jetpack_post_was_ever_published":false,"footnotes":""},"class_list":["post-2104","page","type-page","status-publish","hentry"],"yoast_head":"<!-- This site is optimized with the Yoast SEO plugin v27.3 - https:\/\/yoast.com\/product\/yoast-seo-wordpress\/ -->\n<title>Colabore com a SOMOS - SOMOS Latinos Blog<\/title>\n<meta name=\"description\" content=\"Por que a uni\u00e3o \u00e9 importante para a SOMOS? A uni\u00e3o \u00e9 o combust\u00edvel! Acreditamos que juntos somos mais fortes e al\u00e9m, alcan\u00e7ando novos voos.\" \/>\n<meta name=\"robots\" content=\"index, follow, max-snippet:-1, max-image-preview:large, max-video-preview:-1\" \/>\n<link rel=\"canonical\" href=\"https:\/\/blog.somoslatinos.co\/es\/diretrizes\/\" \/>\n<meta property=\"og:locale\" content=\"es_ES\" \/>\n<meta property=\"og:type\" content=\"article\" \/>\n<meta property=\"og:title\" content=\"Colabore com a SOMOS - SOMOS Latinos Blog\" \/>\n<meta property=\"og:description\" content=\"Por que a uni\u00e3o \u00e9 importante para a SOMOS? A uni\u00e3o \u00e9 o combust\u00edvel! Acreditamos que juntos somos mais fortes e al\u00e9m, alcan\u00e7ando novos voos.\" \/>\n<meta property=\"og:url\" content=\"https:\/\/blog.somoslatinos.co\/es\/diretrizes\/\" \/>\n<meta property=\"og:site_name\" content=\"SOMOS Latinos Blog\" \/>\n<meta property=\"article:publisher\" content=\"https:\/\/www.facebook.com\/todossomoslatinos\" \/>\n<meta property=\"article:modified_time\" content=\"2026-03-02T11:31:10+00:00\" \/>\n<meta name=\"twitter:card\" content=\"summary_large_image\" \/>\n<meta name=\"twitter:site\" content=\"@Somoslatinos24\" \/>\n<meta name=\"twitter:label1\" content=\"Tiempo de lectura\" \/>\n\t<meta name=\"twitter:data1\" content=\"1 minuto\" \/>\n<script type=\"application\/ld+json\" class=\"yoast-schema-graph\">{\"@context\":\"https:\\\/\\\/schema.org\",\"@graph\":[{\"@type\":\"WebPage\",\"@id\":\"https:\\\/\\\/blog.somoslatinos.co\\\/diretrizes\\\/\",\"url\":\"https:\\\/\\\/blog.somoslatinos.co\\\/diretrizes\\\/\",\"name\":\"Colabore com a SOMOS - SOMOS Latinos Blog\",\"isPartOf\":{\"@id\":\"https:\\\/\\\/blog.somoslatinos.co\\\/#website\"},\"datePublished\":\"2025-04-28T18:08:24+00:00\",\"dateModified\":\"2026-03-02T11:31:10+00:00\",\"description\":\"Por que a uni\u00e3o \u00e9 importante para a SOMOS? A uni\u00e3o \u00e9 o combust\u00edvel! Acreditamos que juntos somos mais fortes e al\u00e9m, alcan\u00e7ando novos voos.\",\"breadcrumb\":{\"@id\":\"https:\\\/\\\/blog.somoslatinos.co\\\/diretrizes\\\/#breadcrumb\"},\"inLanguage\":\"es-CO\",\"potentialAction\":[{\"@type\":\"ReadAction\",\"target\":[\"https:\\\/\\\/blog.somoslatinos.co\\\/diretrizes\\\/\"]}]},{\"@type\":\"BreadcrumbList\",\"@id\":\"https:\\\/\\\/blog.somoslatinos.co\\\/diretrizes\\\/#breadcrumb\",\"itemListElement\":[{\"@type\":\"ListItem\",\"position\":1,\"name\":\"Home\",\"item\":\"https:\\\/\\\/blog.somoslatinos.co\\\/\"},{\"@type\":\"ListItem\",\"position\":2,\"name\":\"Colabore com a SOMOS\"}]},{\"@type\":\"WebSite\",\"@id\":\"https:\\\/\\\/blog.somoslatinos.co\\\/#website\",\"url\":\"https:\\\/\\\/blog.somoslatinos.co\\\/\",\"name\":\"SOMOS Latinos Blog\",\"description\":\"\",\"publisher\":{\"@id\":\"https:\\\/\\\/blog.somoslatinos.co\\\/#organization\"},\"potentialAction\":[{\"@type\":\"SearchAction\",\"target\":{\"@type\":\"EntryPoint\",\"urlTemplate\":\"https:\\\/\\\/blog.somoslatinos.co\\\/?s={search_term_string}\"},\"query-input\":{\"@type\":\"PropertyValueSpecification\",\"valueRequired\":true,\"valueName\":\"search_term_string\"}}],\"inLanguage\":\"es-CO\"},{\"@type\":\"Organization\",\"@id\":\"https:\\\/\\\/blog.somoslatinos.co\\\/#organization\",\"name\":\"SOMOS Latinos Blog\",\"url\":\"https:\\\/\\\/blog.somoslatinos.co\\\/\",\"logo\":{\"@type\":\"ImageObject\",\"inLanguage\":\"es-CO\",\"@id\":\"https:\\\/\\\/blog.somoslatinos.co\\\/#\\\/schema\\\/logo\\\/image\\\/\",\"url\":\"https:\\\/\\\/blog.somoslatinos.co\\\/wp-content\\\/uploads\\\/2024\\\/06\\\/Somos-3.png\",\"contentUrl\":\"https:\\\/\\\/blog.somoslatinos.co\\\/wp-content\\\/uploads\\\/2024\\\/06\\\/Somos-3.png\",\"width\":327,\"height\":57,\"caption\":\"SOMOS Latinos Blog\"},\"image\":{\"@id\":\"https:\\\/\\\/blog.somoslatinos.co\\\/#\\\/schema\\\/logo\\\/image\\\/\"},\"sameAs\":[\"https:\\\/\\\/www.facebook.com\\\/todossomoslatinos\",\"https:\\\/\\\/x.com\\\/Somoslatinos24\",\"https:\\\/\\\/www.instagram.com\\\/somos.latinxs\\\/\",\"https:\\\/\\\/www.linkedin.com\\\/company\\\/somoslatinos\"]}]}<\/script>\n<!-- \/ Yoast SEO plugin. -->","yoast_head_json":{"title":"Colabore com a SOMOS - SOMOS Latinos Blog","description":"Por que a uni\u00e3o \u00e9 importante para a SOMOS? A uni\u00e3o \u00e9 o combust\u00edvel! Acreditamos que juntos somos mais fortes e al\u00e9m, alcan\u00e7ando novos voos.","robots":{"index":"index","follow":"follow","max-snippet":"max-snippet:-1","max-image-preview":"max-image-preview:large","max-video-preview":"max-video-preview:-1"},"canonical":"https:\/\/blog.somoslatinos.co\/es\/diretrizes\/","og_locale":"es_ES","og_type":"article","og_title":"Colabore com a SOMOS - SOMOS Latinos Blog","og_description":"Por que a uni\u00e3o \u00e9 importante para a SOMOS? A uni\u00e3o \u00e9 o combust\u00edvel! Acreditamos que juntos somos mais fortes e al\u00e9m, alcan\u00e7ando novos voos.","og_url":"https:\/\/blog.somoslatinos.co\/es\/diretrizes\/","og_site_name":"SOMOS Latinos Blog","article_publisher":"https:\/\/www.facebook.com\/todossomoslatinos","article_modified_time":"2026-03-02T11:31:10+00:00","twitter_card":"summary_large_image","twitter_site":"@Somoslatinos24","twitter_misc":{"Tiempo de lectura":"1 minuto"},"schema":{"@context":"https:\/\/schema.org","@graph":[{"@type":"WebPage","@id":"https:\/\/blog.somoslatinos.co\/diretrizes\/","url":"https:\/\/blog.somoslatinos.co\/diretrizes\/","name":"Colabore com a SOMOS - SOMOS Latinos Blog","isPartOf":{"@id":"https:\/\/blog.somoslatinos.co\/#website"},"datePublished":"2025-04-28T18:08:24+00:00","dateModified":"2026-03-02T11:31:10+00:00","description":"Por que a uni\u00e3o \u00e9 importante para a SOMOS? A uni\u00e3o \u00e9 o combust\u00edvel! Acreditamos que juntos somos mais fortes e al\u00e9m, alcan\u00e7ando novos voos.","breadcrumb":{"@id":"https:\/\/blog.somoslatinos.co\/diretrizes\/#breadcrumb"},"inLanguage":"es-CO","potentialAction":[{"@type":"ReadAction","target":["https:\/\/blog.somoslatinos.co\/diretrizes\/"]}]},{"@type":"BreadcrumbList","@id":"https:\/\/blog.somoslatinos.co\/diretrizes\/#breadcrumb","itemListElement":[{"@type":"ListItem","position":1,"name":"Home","item":"https:\/\/blog.somoslatinos.co\/"},{"@type":"ListItem","position":2,"name":"Colabore com a SOMOS"}]},{"@type":"WebSite","@id":"https:\/\/blog.somoslatinos.co\/#website","url":"https:\/\/blog.somoslatinos.co\/","name":"SOMOS Latinos Blog","description":"","publisher":{"@id":"https:\/\/blog.somoslatinos.co\/#organization"},"potentialAction":[{"@type":"SearchAction","target":{"@type":"EntryPoint","urlTemplate":"https:\/\/blog.somoslatinos.co\/?s={search_term_string}"},"query-input":{"@type":"PropertyValueSpecification","valueRequired":true,"valueName":"search_term_string"}}],"inLanguage":"es-CO"},{"@type":"Organization","@id":"https:\/\/blog.somoslatinos.co\/#organization","name":"SOMOS Latinos Blog","url":"https:\/\/blog.somoslatinos.co\/","logo":{"@type":"ImageObject","inLanguage":"es-CO","@id":"https:\/\/blog.somoslatinos.co\/#\/schema\/logo\/image\/","url":"https:\/\/blog.somoslatinos.co\/wp-content\/uploads\/2024\/06\/Somos-3.png","contentUrl":"https:\/\/blog.somoslatinos.co\/wp-content\/uploads\/2024\/06\/Somos-3.png","width":327,"height":57,"caption":"SOMOS Latinos Blog"},"image":{"@id":"https:\/\/blog.somoslatinos.co\/#\/schema\/logo\/image\/"},"sameAs":["https:\/\/www.facebook.com\/todossomoslatinos","https:\/\/x.com\/Somoslatinos24","https:\/\/www.instagram.com\/somos.latinxs\/","https:\/\/www.linkedin.com\/company\/somoslatinos"]}]}},"jetpack_sharing_enabled":true,"_links":{"self":[{"href":"https:\/\/blog.somoslatinos.co\/es\/wp-json\/wp\/v2\/pages\/2104","targetHints":{"allow":["GET"]}}],"collection":[{"href":"https:\/\/blog.somoslatinos.co\/es\/wp-json\/wp\/v2\/pages"}],"about":[{"href":"https:\/\/blog.somoslatinos.co\/es\/wp-json\/wp\/v2\/types\/page"}],"author":[{"embeddable":true,"href":"https:\/\/blog.somoslatinos.co\/es\/wp-json\/wp\/v2\/users\/3"}],"replies":[{"embeddable":true,"href":"https:\/\/blog.somoslatinos.co\/es\/wp-json\/wp\/v2\/comments?post=2104"}],"version-history":[{"count":10,"href":"https:\/\/blog.somoslatinos.co\/es\/wp-json\/wp\/v2\/pages\/2104\/revisions"}],"predecessor-version":[{"id":3411,"href":"https:\/\/blog.somoslatinos.co\/es\/wp-json\/wp\/v2\/pages\/2104\/revisions\/3411"}],"wp:attachment":[{"href":"https:\/\/blog.somoslatinos.co\/es\/wp-json\/wp\/v2\/media?parent=2104"}],"curies":[{"name":"wp","href":"https:\/\/api.w.org\/{rel}","templated":true}]}}